{"id":2546,"date":"2018-12-05T14:37:12","date_gmt":"2018-12-05T19:37:12","guid":{"rendered":"http:\/\/jorkyballcanada.com\/?page_id=2546"},"modified":"2019-11-28T17:45:56","modified_gmt":"2019-11-28T22:45:56","slug":"tournoi","status":"publish","type":"page","link":"https:\/\/jorkyballcanada.com\/en\/tournoi\/","title":{"rendered":"Tournoi Officiel"},"content":{"rendered":"<h3>Tournoi Officiel de printemps<\/h3>\n<p><span style=\"font-size: 14pt\"><em>30 novembre 2019\u00a0<\/em><\/span><\/p>\n<p><span style=\"font-size: 18pt\"><a href=\"http:\/\/jorkyballcanada.com\/wp-content\/uploads\/sites\/86\/2019\/10\/Horaire_version-5.pdf\" target=\"\" rel=\"noopener noreferrer\">Horaire <\/a> <\/span><span style=\"font-size: 10pt\"><em>(28 nov)<\/em><\/span><\/p>\n<p><a href=\"http:\/\/jorkyballcanada.com\/wp-content\/uploads\/sites\/86\/2019\/11\/R\u00e8glement-sp\u00e9cifique_nov2019-1.doc\">R\u00e8glement Sp\u00e9cifique<\/a><\/p>\n<p>&nbsp;<\/p>\n<p><span style=\"text-decoration: underline\">Date limite d\u2019inscription<\/span>\u00a0:<\/p>\n<p><strong>20 novembre 2019<\/strong><\/p>\n<p><span style=\"text-decoration: underline\">Co\u00fbt d\u2019inscription<\/span>\u00a0:<\/p>\n<p><strong>60$\/\u00e9quipe (Adulte) et 50$\/\u00e9quipe (18 ans et moins)<\/strong><\/p>\n<p><span style=\"text-decoration: underline\">Car\u00e9gories<\/span>\u00a0:<\/p>\n<p><strong>U10 ; U12 ; U14 ; U17 ; s\u00e9nior A, B, C, D (Homme et femme)<\/strong><\/p>\n<p><span style=\"text-decoration: underline\">M\u00e9dailles et Bourses<\/span>\u00a0:<\/p>\n<p><strong>Des m\u00e9dailles et des bourses (s\u00e9nior) seront \u00e0 l\u2019enjeu!<\/strong><\/p>\n<p><span style=\"text-decoration: underline\">Inscription<\/span>\u00a0:<\/p>\n<p><strong>clubjorkyballsld@gmail.com\u00a0ou (819) 697-8147 ou par Faceboo<\/strong>k<\/p>\n<p><em><strong>NE MANQUEZ PAS \u00c7A !\u00a0<\/strong><\/em><\/p>\n","protected":false},"excerpt":{"rendered":"<p>Tournoi Officiel de printemps 30 novembre 2019\u00a0 Horaire (28 nov) R\u00e8glement Sp\u00e9cifique &nbsp; Date limite d\u2019inscription\u00a0: 20 novembre 2019 Co\u00fbt d\u2019inscription\u00a0: 60$\/\u00e9quipe (Adulte) et 50$\/\u00e9quipe (18 ans et moins) Car\u00e9gories\u00a0: U10 ; U12 ; U14 ; U17 ; s\u00e9nior A, B, C, D (Homme et femme) M\u00e9dailles et Bourses\u00a0: Des m\u00e9dailles et des bourses (s\u00e9nior) [&hellip;]<\/p>\n","protected":false},"author":88,"featured_media":0,"parent":0,"menu_order":0,"comment_status":"closed","ping_status":"closed","template":"","meta":{"_acf_changed":false,"footnotes":""},"class_list":["post-2546","page","type-page","status-publish","hentry"],"acf":[],"yoast_head":"<!-- This site is optimized with the Yoast SEO plugin v25.7 - https:\/\/yoast.com\/wordpress\/plugins\/seo\/ -->\n<title>Tournoi Officiel - Jorkyball Canada<\/title>\n<meta name=\"robots\" content=\"index, follow, max-snippet:-1, max-image-preview:large, max-video-preview:-1\" \/>\n<link rel=\"canonical\" href=\"https:\/\/jorkyballcanada.com\/tournoi\/\" \/>\n<meta property=\"og:locale\" content=\"en_US\" \/>\n<meta property=\"og:type\" content=\"article\" \/>\n<meta property=\"og:title\" content=\"Tournoi Officiel - Jorkyball Canada\" \/>\n<meta property=\"og:description\" content=\"Tournoi Officiel de printemps 30 novembre 2019\u00a0 Horaire (28 nov) R\u00e8glement Sp\u00e9cifique &nbsp; Date limite d\u2019inscription\u00a0: 20 novembre 2019 Co\u00fbt d\u2019inscription\u00a0: 60$\/\u00e9quipe (Adulte) et 50$\/\u00e9quipe (18 ans et moins) Car\u00e9gories\u00a0: U10 ; U12 ; U14 ; U17 ; s\u00e9nior A, B, C, D (Homme et femme) M\u00e9dailles et Bourses\u00a0: Des m\u00e9dailles et des bourses (s\u00e9nior) [&hellip;]\" \/>\n<meta property=\"og:url\" content=\"https:\/\/jorkyballcanada.com\/tournoi\/\" \/>\n<meta property=\"og:site_name\" content=\"Jorkyball Canada\" \/>\n<meta property=\"article:modified_time\" content=\"2019-11-28T22:45:56+00:00\" \/>\n<meta name=\"twitter:card\" content=\"summary_large_image\" \/>\n<script type=\"application\/ld+json\" class=\"yoast-schema-graph\">{\"@context\":\"https:\/\/schema.org\",\"@graph\":[{\"@type\":\"WebPage\",\"@id\":\"https:\/\/jorkyballcanada.com\/tournoi\/\",\"url\":\"https:\/\/jorkyballcanada.com\/tournoi\/\",\"name\":\"Tournoi Officiel - Jorkyball Canada\",\"isPartOf\":{\"@id\":\"https:\/\/jorkyballcanada.com\/#website\"},\"datePublished\":\"2018-12-05T19:37:12+00:00\",\"dateModified\":\"2019-11-28T22:45:56+00:00\",\"breadcrumb\":{\"@id\":\"https:\/\/jorkyballcanada.com\/tournoi\/#breadcrumb\"},\"inLanguage\":\"en-US\",\"potentialAction\":[{\"@type\":\"ReadAction\",\"target\":[\"https:\/\/jorkyballcanada.com\/tournoi\/\"]}]},{\"@type\":\"BreadcrumbList\",\"@id\":\"https:\/\/jorkyballcanada.com\/tournoi\/#breadcrumb\",\"itemListElement\":[{\"@type\":\"ListItem\",\"position\":1,\"name\":\"Accueil\",\"item\":\"https:\/\/jorkyballcanada.com\/en\/\"},{\"@type\":\"ListItem\",\"position\":2,\"name\":\"Tournoi Officiel\"}]},{\"@type\":\"WebSite\",\"@id\":\"https:\/\/jorkyballcanada.com\/#website\",\"url\":\"https:\/\/jorkyballcanada.com\/\",\"name\":\"Jorkyball Canada\",\"description\":\"Rassemblement des clubs de jorkyball canadiens\",\"potentialAction\":[{\"@type\":\"SearchAction\",\"target\":{\"@type\":\"EntryPoint\",\"urlTemplate\":\"https:\/\/jorkyballcanada.com\/?s={search_term_string}\"},\"query-input\":{\"@type\":\"PropertyValueSpecification\",\"valueRequired\":true,\"valueName\":\"search_term_string\"}}],\"inLanguage\":\"en-US\"}]}<\/script>\n<!-- \/ Yoast SEO plugin. -->","yoast_head_json":{"title":"Tournoi Officiel - Jorkyball Canada","robots":{"index":"index","follow":"follow","max-snippet":"max-snippet:-1","max-image-preview":"max-image-preview:large","max-video-preview":"max-video-preview:-1"},"canonical":"https:\/\/jorkyballcanada.com\/tournoi\/","og_locale":"en_US","og_type":"article","og_title":"Tournoi Officiel - Jorkyball Canada","og_description":"Tournoi Officiel de printemps 30 novembre 2019\u00a0 Horaire (28 nov) R\u00e8glement Sp\u00e9cifique &nbsp; Date limite d\u2019inscription\u00a0: 20 novembre 2019 Co\u00fbt d\u2019inscription\u00a0: 60$\/\u00e9quipe (Adulte) et 50$\/\u00e9quipe (18 ans et moins) Car\u00e9gories\u00a0: U10 ; U12 ; U14 ; U17 ; s\u00e9nior A, B, C, D (Homme et femme) M\u00e9dailles et Bourses\u00a0: Des m\u00e9dailles et des bourses (s\u00e9nior) [&hellip;]","og_url":"https:\/\/jorkyballcanada.com\/tournoi\/","og_site_name":"Jorkyball Canada","article_modified_time":"2019-11-28T22:45:56+00:00","twitter_card":"summary_large_image","schema":{"@context":"https:\/\/schema.org","@graph":[{"@type":"WebPage","@id":"https:\/\/jorkyballcanada.com\/tournoi\/","url":"https:\/\/jorkyballcanada.com\/tournoi\/","name":"Tournoi Officiel - Jorkyball Canada","isPartOf":{"@id":"https:\/\/jorkyballcanada.com\/#website"},"datePublished":"2018-12-05T19:37:12+00:00","dateModified":"2019-11-28T22:45:56+00:00","breadcrumb":{"@id":"https:\/\/jorkyballcanada.com\/tournoi\/#breadcrumb"},"inLanguage":"en-US","potentialAction":[{"@type":"ReadAction","target":["https:\/\/jorkyballcanada.com\/tournoi\/"]}]},{"@type":"BreadcrumbList","@id":"https:\/\/jorkyballcanada.com\/tournoi\/#breadcrumb","itemListElement":[{"@type":"ListItem","position":1,"name":"Accueil","item":"https:\/\/jorkyballcanada.com\/en\/"},{"@type":"ListItem","position":2,"name":"Tournoi Officiel"}]},{"@type":"WebSite","@id":"https:\/\/jorkyballcanada.com\/#website","url":"https:\/\/jorkyballcanada.com\/","name":"Jorkyball Canada","description":"Rassemblement des clubs de jorkyball canadiens","potentialAction":[{"@type":"SearchAction","target":{"@type":"EntryPoint","urlTemplate":"https:\/\/jorkyballcanada.com\/?s={search_term_string}"},"query-input":{"@type":"PropertyValueSpecification","valueRequired":true,"valueName":"search_term_string"}}],"inLanguage":"en-US"}]}},"_links":{"self":[{"href":"https:\/\/jorkyballcanada.com\/en\/wp-json\/wp\/v2\/pages\/2546","targetHints":{"allow":["GET"]}}],"collection":[{"href":"https:\/\/jorkyballcanada.com\/en\/wp-json\/wp\/v2\/pages"}],"about":[{"href":"https:\/\/jorkyballcanada.com\/en\/wp-json\/wp\/v2\/types\/page"}],"author":[{"embeddable":true,"href":"https:\/\/jorkyballcanada.com\/en\/wp-json\/wp\/v2\/users\/88"}],"replies":[{"embeddable":true,"href":"https:\/\/jorkyballcanada.com\/en\/wp-json\/wp\/v2\/comments?post=2546"}],"version-history":[{"count":15,"href":"https:\/\/jorkyballcanada.com\/en\/wp-json\/wp\/v2\/pages\/2546\/revisions"}],"predecessor-version":[{"id":2629,"href":"https:\/\/jorkyballcanada.com\/en\/wp-json\/wp\/v2\/pages\/2546\/revisions\/2629"}],"wp:attachment":[{"href":"https:\/\/jorkyballcanada.com\/en\/wp-json\/wp\/v2\/media?parent=2546"}],"curies":[{"name":"wp","href":"https:\/\/api.w.org\/{rel}","templated":true}]}}